{"id":564,"date":"2020-07-09T13:43:46","date_gmt":"2020-07-09T11:43:46","guid":{"rendered":"http:\/\/salonmagda-m.pl\/?page_id=564"},"modified":"2020-07-09T13:43:46","modified_gmt":"2020-07-09T11:43:46","slug":"masaz-twarzy-szyi-i-dekoltu","status":"publish","type":"page","link":"https:\/\/salonmagda-m.pl\/index.php\/masaz-twarzy-szyi-i-dekoltu\/","title":{"rendered":"Masa\u017c twarzy, szyi i dekoltu"},"content":{"rendered":"\n<p>Jest to niezwykle relaksuj\u0105ca forma zabiegu daj\u0105ca przyjmene odczucia i doskona\u0142e efekty.<\/p>\n\n\n\n<h2 class=\"has-pale-cyan-blue-color has-text-color wp-block-heading\">Zabieg trwa ok. 30 minut .<\/h2>\n\n\n\n<p>Po demakija\u017cu i tonizowaniu sk\u00f3ry wykonany zostaje kosmetyczny masa\u017c twarzy , szyji i dekoltu<\/p>\n\n\n\n<p>na preparacie odpowiednio dobranym do stanu i potrzeb sk\u00f3ry.<\/p>\n\n\n\n<p>Wp\u0142yw masa\u017cu na sk\u00f3r\u0119 jest bardzo du\u017cy i powoduje:<\/p>\n\n\n\n<ul><li>szybsz\u0105 odbudow\u0119 uszkodzonych kom\u00f3rek np. przy procesach gojenia <\/li><li>rozszerzenie naczy\u0144 krwiono\u015bnych sk\u00f3ry pod wp\u0142ywem temperatury, a tym samym wi\u0119ksz\u0105 wch\u0142anialno\u015b\u0107 preparat\u00f3w aplikowanych na sk\u00f3r\u0119,<\/li><\/ul>\n\n\n\n<ul><li>lepsze dotlenienie dzi\u0119ki z\u0142uszczeniu ( usuni\u0119ciu ) nask\u00f3rka i otwarciu por\u00f3w sk\u00f3ry,<\/li><li>lepsze od\u017cywienie dzi\u0119ki pobudzeniu uk\u0142ad\u00f3w : krwiono\u015bnego i limfatycznego,<\/li><li>przyspieszenie procesu rogowacenia , co prowadzi do odm\u0142odzenia nask\u00f3rka,<\/li><li>mo\u017cliwo\u015b\u0107 szybszego wprowadzenia substancji od\u017cywczych ,<\/li><li>uelastycznienie sk\u00f3ry,<\/li><li>a przy tym wszystkim odpr\u0119\u017ca, relaksuje i wprowadza w dobry nastr\u00f3j,<\/li><\/ul>\n\n\n\n<h2 class=\"has-pale-cyan-blue-color has-text-color wp-block-heading\">Nie jest to wi\u0119c tylko uczt\u0105 dla sk\u00f3ry ale i dla zmys\u0142\u00f3w !<\/h2>\n","protected":false},"excerpt":{"rendered":"<p>Jest to niezwykle relaksuj\u0105ca forma zabiegu daj\u0105ca przyjmene odczucia i doskona\u0142e efekty. Zabieg trwa ok. 30 minut . Po demakija\u017cu i tonizowaniu sk\u00f3ry wykonany zostaje kosmetyczny masa\u017c twarzy , szyji i dekoltu na preparacie odpowiednio dobranym do stanu i potrzeb sk\u00f3ry. Wp\u0142yw masa\u017cu na sk\u00f3r\u0119 jest bardzo du\u017cy i powoduje: szybsz\u0105 odbudow\u0119 uszkodzonych kom\u00f3rek np. przy procesach gojenia rozszerzenie naczy\u0144 krwiono\u015bnych sk\u00f3ry pod wp\u0142ywem temperatury, a tym samym wi\u0119ksz\u0105 wch\u0142anialno\u015b\u0107 preparat\u00f3w aplikowanych na sk\u00f3r\u0119, lepsze dotlenienie dzi\u0119ki z\u0142uszczeniu ( usuni\u0119ciu ) nask\u00f3rka i otwarciu por\u00f3w sk\u00f3ry, lepsze od\u017cywienie dzi\u0119ki pobudzeniu uk\u0142ad\u00f3w : krwiono\u015bnego i limfatycznego, przyspieszenie procesu rogowacenia , co prowadzi do odm\u0142odzenia nask\u00f3rka, mo\u017cliwo\u015b\u0107 szybszego wprowadzenia substancji od\u017cywczych , uelastycznienie sk\u00f3ry, a przy tym wszystkim odpr\u0119\u017ca, relaksuje i wprowadza w dobry nastr\u00f3j, Nie jest to wi\u0119c tylko uczt\u0105 dla sk\u00f3ry ale i dla zmys\u0142\u00f3w !<\/p>\n","protected":false},"author":1,"featured_media":0,"parent":0,"menu_order":0,"comment_status":"closed","ping_status":"closed","template":"","meta":{"ngg_post_thumbnail":0,"footnotes":""},"_links":{"self":[{"href":"https:\/\/salonmagda-m.pl\/index.php\/wp-json\/wp\/v2\/pages\/564"}],"collection":[{"href":"https:\/\/salonmagda-m.pl\/index.php\/wp-json\/wp\/v2\/pages"}],"about":[{"href":"https:\/\/salonmagda-m.pl\/index.php\/wp-json\/wp\/v2\/types\/page"}],"author":[{"embeddable":true,"href":"https:\/\/salonmagda-m.pl\/index.php\/wp-json\/wp\/v2\/users\/1"}],"replies":[{"embeddable":true,"href":"https:\/\/salonmagda-m.pl\/index.php\/wp-json\/wp\/v2\/comments?post=564"}],"version-history":[{"count":1,"href":"https:\/\/salonmagda-m.pl\/index.php\/wp-json\/wp\/v2\/pages\/564\/revisions"}],"predecessor-version":[{"id":565,"href":"https:\/\/salonmagda-m.pl\/index.php\/wp-json\/wp\/v2\/pages\/564\/revisions\/565"}],"wp:attachment":[{"href":"https:\/\/salonmagda-m.pl\/index.php\/wp-json\/wp\/v2\/media?parent=564"}],"curies":[{"name":"wp","href":"https:\/\/api.w.org\/{rel}","templated":true}]}}